{"id":83,"date":"2024-05-01T09:24:37","date_gmt":"2024-05-01T13:24:37","guid":{"rendered":"https:\/\/onehollywoodresidences.com\/legal\/"},"modified":"2025-07-31T16:23:08","modified_gmt":"2025-07-31T20:23:08","slug":"legal","status":"publish","type":"page","link":"https:\/\/onehollywoodresidences.com\/es\/legal\/","title":{"rendered":"Legal"},"content":{"rendered":"<div class=\"fusion-fullwidth fullwidth-box fusion-builder-row-1 fusion-flex-container has-pattern-background has-mask-background nonhundred-percent-fullwidth non-hundred-percent-height-scrolling\" style=\"--awb-border-radius-top-left:0px;--awb-border-radius-top-right:0px;--awb-border-radius-bottom-right:0px;--awb-border-radius-bottom-left:0px;--awb-padding-top:60px;--awb-padding-right:60px;--awb-padding-bottom:60px;--awb-padding-left:60px;--awb-padding-right-small:30px;--awb-padding-left-small:30px;--awb-flex-wrap:wrap;\" ><div class=\"fusion-builder-row fusion-row fusion-flex-align-items-flex-start fusion-flex-content-wrap\" style=\"max-width:calc( 1400px + 0px );margin-left: calc(-0px \/ 2 );margin-right: calc(-0px \/ 2 );\"><div class=\"fusion-layout-column fusion_builder_column fusion-builder-column-0 fusion_builder_column_1_2 1_2 fusion-flex-column\" style=\"--awb-bg-size:cover;--awb-width-large:50%;--awb-margin-top-large:0px;--awb-spacing-right-large:0px;--awb-margin-bottom-large:0px;--awb-spacing-left-large:0px;--awb-width-medium:50%;--awb-order-medium:0;--awb-spacing-right-medium:0px;--awb-spacing-left-medium:0px;--awb-width-small:50%;--awb-order-small:0;--awb-spacing-right-small:0px;--awb-spacing-left-small:0px;\" data-scroll-devices=\"small-visibility,medium-visibility,large-visibility\"><div class=\"fusion-column-wrapper fusion-column-has-shadow fusion-flex-justify-content-flex-start fusion-content-layout-column\"><div class=\"fusion-image-element\" style=\"--awb-margin-bottom:40px;--awb-caption-title-font-family:var(--h2_typography-font-family);--awb-caption-title-font-weight:var(--h2_typography-font-weight);--awb-caption-title-font-style:var(--h2_typography-font-style);--awb-caption-title-size:var(--h2_typography-font-size);--awb-caption-title-transform:var(--h2_typography-text-transform);--awb-caption-title-line-height:var(--h2_typography-line-height);--awb-caption-title-letter-spacing:var(--h2_typography-letter-spacing);\"><span class=\"fusion-imageframe imageframe-none imageframe-1 hover-type-none\"><img decoding=\"async\" width=\"326\" height=\"68\" alt=\"One Hollywood Residences\" title=\"Logo cream sm\" src=\"https:\/\/onehollywoodresidences.com\/wp-content\/uploads\/2024\/05\/Logo-cream-sm.png\" class=\"img-responsive wp-image-80\" srcset=\"https:\/\/onehollywoodresidences.com\/wp-content\/uploads\/2024\/05\/Logo-cream-sm-200x42.png 200w, https:\/\/onehollywoodresidences.com\/wp-content\/uploads\/2024\/05\/Logo-cream-sm.png 326w\" sizes=\"(max-width: 1000px) 100vw, 326px\" \/><\/span><\/div><\/div><\/div><div class=\"fusion-layout-column fusion_builder_column fusion-builder-column-1 fusion_builder_column_1_2 1_2 fusion-flex-column\" style=\"--awb-bg-size:cover;--awb-width-large:50%;--awb-margin-top-large:0px;--awb-spacing-right-large:0px;--awb-margin-bottom-large:0px;--awb-spacing-left-large:0px;--awb-width-medium:50%;--awb-order-medium:0;--awb-spacing-right-medium:0px;--awb-spacing-left-medium:0px;--awb-width-small:50%;--awb-order-small:0;--awb-spacing-right-small:0px;--awb-spacing-left-small:0px;\" data-scroll-devices=\"small-visibility,medium-visibility,large-visibility\"><div class=\"fusion-column-wrapper fusion-column-has-shadow fusion-flex-justify-content-flex-start fusion-content-layout-column\"><div class=\"fusion-text fusion-text-1\" style=\"--awb-content-alignment:right;\"> <div class=\"wpml-ls-statics-shortcode_actions wpml-ls wpml-ls-legacy-list-horizontal\"> \t<ul role=\"menu\"><li class=\"wpml-ls-slot-shortcode_actions wpml-ls-item wpml-ls-item-en wpml-ls-first-item wpml-ls-item-legacy-list-horizontal\" role=\"none\"> \t\t\t\t<a href=\"https:\/\/onehollywoodresidences.com\/\" class=\"wpml-ls-link\" role=\"menuitem\"  aria-label=\"Cambiar a EN\" title=\"Cambiar a EN\" >                     <span class=\"wpml-ls-display\">EN<\/span><\/a> \t\t\t<\/li><li class=\"wpml-ls-slot-shortcode_actions wpml-ls-item wpml-ls-item-es wpml-ls-current-language wpml-ls-last-item wpml-ls-item-legacy-list-horizontal\" role=\"none\"> \t\t\t\t<a href=\"https:\/\/onehollywoodresidences.com\/es\/\" class=\"wpml-ls-link\" role=\"menuitem\" >                     <span class=\"wpml-ls-native\" role=\"menuitem\">ES<\/span><\/a> \t\t\t<\/li><\/ul> <\/div>  <\/div><\/div><\/div><div class=\"fusion-layout-column fusion_builder_column fusion-builder-column-2 fusion_builder_column_1_1 1_1 fusion-flex-column\" style=\"--awb-bg-size:cover;--awb-width-large:100%;--awb-margin-top-large:0px;--awb-spacing-right-large:0px;--awb-margin-bottom-large:0px;--awb-spacing-left-large:0px;--awb-width-medium:100%;--awb-order-medium:0;--awb-spacing-right-medium:0px;--awb-spacing-left-medium:0px;--awb-width-small:100%;--awb-order-small:0;--awb-spacing-right-small:0px;--awb-spacing-left-small:0px;\"><div class=\"fusion-column-wrapper fusion-column-has-shadow fusion-flex-justify-content-flex-start fusion-content-layout-column\"><div class=\"fusion-text fusion-text-2 fusion-text-no-margin\" style=\"--awb-text-transform:uppercase;--awb-text-color:var(--awb-color1);--awb-margin-bottom:60px;\"><p>LAS DECLARACIONES ORALES NO SE CONSIDERAN CONFIABLES EN CUANTO A QUE SEAN DECLARACIONES CORRECTAS DE LA INMOBILIARIA. PARA LAS DECLARACIONES CORRECTAS, CONSULTE LOS DOCUMENTOS NECESARIOS QUE SE INDICAN EN LA SECCI\u00d3N 718.503, LOS ESTATUTOS DE FLORIDA, QUE SUMINISTRA LA INMOBILIARIA AL COMPRADOR O ARRENDATARIO.<\/p> <p>LA INMOBILIARIA ES STAR DEVELOPERS GROUP, LLC (LA \u201cEMPRESA\u201d) QUE TIENE EL DERECHO DE USAR LOS NOMBRES DE MARCAS REGISTRADAS Y LOGOTIPOS DE FORTUNE INTERNATIONAL GROUP AND BLUE ROAD LLC. ESTA NO ES UNA OFERTA DE VENTA NI SOLICITUD DE OFERTA DE COMPRA EN LOS ESTADOS EN LOS QUE DICHA OFERTA NO DEBE REALIZARSE. LAS IM\u00c1GENES EN EL PRESENTE SON UNA IMPRESI\u00d3N E INTERPRETACI\u00d3N CONCEPTUAL DEL ARTISTA PROPUESTA \u00daNICAMENTE COMO ILUSTRACI\u00d3N. NO SE OFRECE NINGUNA GARANT\u00cdA DE QUE LAS CARACTER\u00cdSTICAS, SERVICIOS, EQUIPAMIENTO O INSTALACIONES DESCRITAS EST\u00c9N DISPONIBLES O SEAN CONSTRUIDAS. LA INMOBILIARIA SE RESERVA EL DERECHO DE HACER MODIFICACIONES, REVISIONES O ELIMINACIONES A SU ENTERA DISCRECI\u00d3N SIN PREVIO AVISO. TODAS LAS MEJORAS, DISE\u00d1O Y CONSTRUCCI\u00d3N EST\u00c1N SUJETAS A LA OBTENCI\u00d3N DE PERMISOS Y APROBACIONES DE PARTE DE LAS AUTORIDADES PERTINENTES.<\/p> <p>LAS SUPERFICIES CUADRADAS Y DIMENSIONES ESPECIFICADAS SE MIDEN A PARTIR DE LOS L\u00cdMITES EXTERIORES DE LAS PAREDES EXTERIORES Y DE LA L\u00cdNEA CENTRAL INTERIOR DIVISORIA Y DE HECHO VAR\u00cdAN DE LA SUPERFICIE CUADRADA DETERMINADA EN LA DESCRIPCI\u00d3N Y DEFINICI\u00d3N DE LA \u201cUNIDAD\u201d INDICADA EN LA DECLARACI\u00d3N (QUE GENERALMENTE SOLO INCLUYE EL ESPACIO ENTRE LA PAREDES PERIMETRALES Y EXCLUYE TODOS LOS COMPONENTES ESTRUCTURALES INTERIORES Y OTROS ELEMENTOS COMUNES). ESTE M\u00c9TODO SE UTILIZA GENERALMENTE EN LOS MATERIALES DE VENTAS Y SE PROPORCIONA PARA QUE EL COMPRADOR POTENCIAL PUEDA COMPARAR LAS UNIDADES CON UNIDADES EN OTROS PROYECTOS DE CONDOMINIOS QUE UTILIZAN EL MISMO M\u00c9TODO. LAS MEDICIONES DE LAS HABITACIONES QUE SE MENCIONAN EN ESTE PLANO DE PLANTA GENERALMENTE SE TOMAN DE LOS PUNTOS M\u00c1S LEJANOS DE CADA HABITACI\u00d3N (COMO SI LA HABITACI\u00d3N FUERA UN RECT\u00c1NGULO PERFECTO) SIN TOMAR EN CUENTA CORTES O VARIACIONES. POR CONSIGUIENTE, EL \u00c1REA REAL DE LA HABITACI\u00d3N GENENERALMENTE SERA M\u00c1S PEQUE\u00d1A QUE EL RESULTADO OBTENIDO AL MULTIPLICAR LA LONGITUD Y ANCHO MENCIONADOS. TODAS LAS DIMENSIONES SON ESTIMACIONES QUE VAR\u00cdAN EN LA CONSTRUCCI\u00d3N REAL, Y TODOS LOS PLANOS DE PLANTA, ESPECIFICACIONES, Y OTROS PLANES DEL DESARROLLO EST\u00c1N SUJETOS A CAMBIO Y NO NECESARIAMENTE REFLEJAN LOS PLANOS FINALES Y ESPECIFICACIONES DEL DESARROLLO. TODAS LAS REPRESENTACIONES DE LOS ELECTRODOM\u00c9STICOS, BARRAS, SOFITOS, REVESTIMIENTOS DE PISOS Y OTROS DETALLES, INCLUYENDO, ENTRE OTROS, ACABADOS Y DECORACI\u00d3N, SON SOLAMENTE CONCEPTUALES Y NO NECESARIAMENTE SE INCLUYEN EN CADA UNIDAD.<\/p> <p>LA INMOBILIARIA NO ES RESPONSABLE, NO EST\u00c1 ASOCIADA, NI TIENE NINGUNA RELACI\u00d3N CON EL PROGRAMA DE INVERSIONISTAS INMIGRANTES EB-5 NI CON EL SERVICIO DE INMIGRACI\u00d3N Y CIUDADAN\u00cdA DE ESTADOS UNIDOS. LOS COMPRADORES DEBEN CONSULTAR A SUS PROPIOS ASESORES FINANCIEROS Y LEGALES EXPERIMENTADOS PARA SOLICITAR ORIENTACI\u00d3N Y ASESOR\u00cdA RESPECTO AL PROCESO DE SOLICITUD DE EB-5.<\/p> <p>ESTA PRESENTACION ES PROPIEDAD DE LA EMPRESA Y ES ESTRICTAMENTE CONFIDENCIAL. CONTIENE INFORMACI\u00d3N PREVISTA \u00daNICAMENTE PARA LA PERSONA A LA QUE SE TRANSMITE. AL RECIBIR LA PRESENTE INFORMACI\u00d3N, EL DESTINATARIO RECONOCE Y ACEPTA LO SIGUIENTE: I) ESTE DOCUMENTO NO TIENE POR OBJETIVO SER DISTRIBUIDO, Y SI SE DISTRIBUYE INVOLUNTARIAMENTE, DEBE DEVOLVERSE A LA EMPRESA LO ANTES POSIBLE UNA VEZ QUE SE SOLICITE; II) EL DESTINATARIO NO DEBE COPIAR, ENVIAR POR FAX, REPRODUCIR, DIVULGAR NI DISTRIBUIR LA PRESENTE INFORMACI\u00d3N CONFIDENCIAL, TOTAL O PARCIALMENTE, SIN EL CONSENTIMIENTO EXPRESO Y POR ESCRITO DE LA EMPRESA; III) TODA LA INFORMACI\u00d3N EN EL PRESENTE SE TRATAR\u00c1 COMO MATERIAL CONFIDENCIAL CON EL MISMO CUIDADO QUE EL OTORGADO A SU PROPIO MATERIAL CONFIDENCIAL.<\/p> <p>ESTA PRESENTACI\u00d3N ES INFORMATIVA \u00daNICAMENTE Y NO EST\u00c1 PREVISTA PARA OTRO USO. ESTA PRESENTACION NO ES UN ANUNCIO DE OFERTA NI PROSPECTO Y NO DEBE TRATARSE COMO MATERIAL DE OFERTA DE CUALQUIER TIPO. LA INFORMACI\u00d3N EN ESTA PRESENTACI\u00d3N NO CONSTITUYE UNA OFERTA DE VENTA O LA SOLICITUD DE UNA OFERTA DE COMPRA DE VALORES. ESTA PRESENTACI\u00d3N EST\u00c1 DISE\u00d1ADA PARA SER DE INTER\u00c9S GENERAL SOLAMENTE Y NO CONSTITUYE NI EXPONE OPINIONES NI ASESORAMIENTO PROFESIONAL. LA INFORMACION EN ESTE DOCUMENTO ES ESPECULATIVA Y PODR\u00cdA SER O NO SER EXACTA. LA INFORMACI\u00d3N Y RESULTADOS REALES PUEDEN VARIAR SUSTANCIALMENTE DE LOS ESPECIFICADOS EN ESTE DOCUMENTO.<\/p> <p>LA EMPRESA NO HACE NINGUNA DECLARACI\u00d3N NI GARANT\u00cdA RESPECTO A LA EXACTITUD DE LA TOTALIDAD O DE UNA PARTE DE ESTA PRESENTACI\u00d3N Y RENUNCIA A DICHAS DECLARACIONES Y GARANT\u00cdAS. NI LA EMPRESA NI SUS DIRECTORES EMPLEADOS O AGENTES SER\u00c1N RESPONSABLES ANTE CUALQUIER USUARIO DE ESTE DOCUMENTO NI ANTE OTRAS PERSONAS O ENTIDADES POR MOTIVOS DE LA VERACIDAD O EXACTITUD DE LA INFORMACI\u00d3N EN ESTA PRESENTACI\u00d3N NI POR CUALQUIER ERROR U OMISI\u00d3N EN SU CONTENIDO, SIN IMPORTAR LA CAUSA DE DICHA IMPRECISI\u00d3N, ERROR U OMISI\u00d3N. ASIMISMO, LA EMPRESA, SUS DIRECTORES, EMPLEADOS O AGENTES NO ASUMEN, Y RENUNCIAN A TODA RESPONSABILIDAD POR LAS CONSECUENCIAS DE LOS USUARIOS DE ESTE DOCUMENTO, O DE OTRAS PERSONAS, QUE ACT\u00daEN, O SE ABSTENGAN DE ACTUAR, AL CONFIAR EN LA INFORMACI\u00d3N EN ESTE DOCUMENTO O POR CUALQUIER DECISI\u00d3N BASADA EN LA MISMA, O POR DA\u00d1OS REALES, INDIRECTOS, ESPECIALES, INCIDENTALES O PUNITIVOS A CUALQUIER PERSONA O ENTIDAD POR CUALQUIER ASUNTO RELACIONADO CON ESTE DOCUMENTO INCLUSO EN CASO DE HABER SIDO ACONSEJADO DE LA POSIBILIDAD DE DICHOS DA\u00d1OS. TODAS Y CUALQUIER DE LAS PROYECCIONES CONTENIDAS EN ESTE DOCUMENTO SE HAN ESTIMADO CON BASE EN VARIABLES DESCONOCIDAS QUE PODR\u00cdAN O NO OCURRIR EN EL FUTURO.<\/p> <p>ESTA PRESENTACI\u00d3N CONTIENE PROYECCIONES FUTURAS DENTRO DEL SIGNIFICADO DE LAS LEYES FEDERALES DE VALORES. LAS PROYECCIONES FUTURAS EXPRESAN LAS EXPECTATIVAS O PREDICCIONES DE LA EMPRESA CON RESPECTO A EVENTOS O RESULTADOS FUTUROS. NO SON GARANT\u00cdA Y EST\u00c1N SUJETAS A MUCHOS RIESGOS E INCERTIDUMBRES. HAY VARIOS FACTORES M\u00c1S ALL\u00c1 DEL CONTROL DE LA EMPRESA QUE PODR\u00cdAN PROVOCAR QUE LOS EVENTOS O RESULTADOS REALES SEAN SIGNIFICATIVAMENTE DIFERENTES A LOS DESCRITOS EN LAS PROYECCIONES FUTURAS. CUALQUIERA O TODAS LAS PROYECCIONES FUTURAS EN ESTE DOCUMENTO O EN CUALQUIER OTRA DECLARACI\u00d3N QUE REALICE LA EMPRESA PODR\u00cdA ESTAR EQUIVOCADA. EXCEPTO SEG\u00daN LO EXIJA LA LEY CORRESPONDIENTE, LA EMPRESA NO PRETENDE INFORMAR P\u00daBLICAMENTE NI MODIFICAR PROYECCIONES FUTURAS, YA SEA COMO RESULTADO DE INFORMACI\u00d3N NUEVA, CAMBIOS FUTUROS, U OTROS. EN VISTA DE LAS INCERTIDUMBRES SIGNIFICATIVAS INHERENTES DE LAS PROYECCIONES FUTURAS REALIZADAS EN ESTE DOCUMENTO, LA INCORPORACI\u00d3N DE DICHA INFORMACI\u00d3N NO DEBE CONSIDERARSE UNA DECLARACI\u00d3N DE LA EMPRESA NI DE OTRAS PERSONAS DE QUE SUS OBJETIVOS, RESULTADOS FUTUROS, NIVELES DE ACTIVIDAD, DESEMPE\u00d1O O PLANES SER\u00c1N ALCANZADOS.<\/p> <\/div><div style=\"text-align:center;\"><a class=\"fusion-button button-flat fusion-button-default-size button-custom fusion-button-default button-1 fusion-button-default-span fusion-button-default-type\" style=\"--button_accent_color:var(--awb-color4);--button_border_color:var(--awb-color4);--button_accent_hover_color:var(--awb-color5);--button_border_hover_color:var(--awb-color4);--button_gradient_top_color:var(--awb-color3);--button_gradient_bottom_color:var(--awb-color3);--button_gradient_top_color_hover:var(--awb-color4);--button_gradient_bottom_color_hover:var(--awb-color4);\" target=\"_self\" href=\"https:\/\/onehollywoodresidences.com\/es\/\"><span class=\"fusion-button-text awb-button__text awb-button__text--default\">Regresar al inicio<\/span><\/a><\/div><\/div><\/div><\/div><\/div>","protected":false},"excerpt":{"rendered":"","protected":false},"author":4,"featured_media":0,"parent":0,"menu_order":0,"comment_status":"closed","ping_status":"closed","template":"100-width.php","meta":{"_acf_changed":false,"footnotes":"","_links_to":"","_links_to_target":""},"class_list":["post-83","page","type-page","status-publish","hentry"],"acf":[],"yoast_head":"<!-- This site is optimized with the Yoast SEO Premium plugin v26.8 (Yoast SEO v26.8) - https:\/\/yoast.com\/product\/yoast-seo-premium-wordpress\/ -->\n<title>Legal - One Hollywood Residences<\/title>\n<meta name=\"robots\" content=\"index, follow, max-snippet:-1, max-image-preview:large, max-video-preview:-1\" \/>\n<link rel=\"canonical\" href=\"https:\/\/onehollywoodresidences.com\/es\/legal\/\" \/>\n<meta property=\"og:locale\" content=\"es_ES\" \/>\n<meta property=\"og:type\" content=\"article\" \/>\n<meta property=\"og:title\" content=\"Legal\" \/>\n<meta property=\"og:url\" content=\"https:\/\/onehollywoodresidences.com\/es\/legal\/\" \/>\n<meta property=\"og:site_name\" content=\"One Hollywood Residences\" \/>\n<meta property=\"article:publisher\" content=\"https:\/\/www.facebook.com\/OneHollywoodResidences\/\" \/>\n<meta property=\"article:modified_time\" content=\"2025-07-31T20:23:08+00:00\" \/>\n<meta name=\"twitter:card\" content=\"summary_large_image\" \/>\n<meta name=\"twitter:label1\" content=\"Tiempo de lectura\" \/>\n\t<meta name=\"twitter:data1\" content=\"6 minutos\" \/>\n<script type=\"application\/ld+json\" class=\"yoast-schema-graph\">{\"@context\":\"https:\/\/schema.org\",\"@graph\":[{\"@type\":\"WebPage\",\"@id\":\"https:\/\/onehollywoodresidences.com\/es\/legal\/\",\"url\":\"https:\/\/onehollywoodresidences.com\/es\/legal\/\",\"name\":\"Legal - One Hollywood Residences\",\"isPartOf\":{\"@id\":\"https:\/\/onehollywoodresidences.com\/es\/#website\"},\"datePublished\":\"2024-05-01T13:24:37+00:00\",\"dateModified\":\"2025-07-31T20:23:08+00:00\",\"breadcrumb\":{\"@id\":\"https:\/\/onehollywoodresidences.com\/es\/legal\/#breadcrumb\"},\"inLanguage\":\"es\",\"potentialAction\":[{\"@type\":\"ReadAction\",\"target\":[\"https:\/\/onehollywoodresidences.com\/es\/legal\/\"]}]},{\"@type\":\"BreadcrumbList\",\"@id\":\"https:\/\/onehollywoodresidences.com\/es\/legal\/#breadcrumb\",\"itemListElement\":[{\"@type\":\"ListItem\",\"position\":1,\"name\":\"Home\",\"item\":\"https:\/\/onehollywoodresidences.com\/es\/\"},{\"@type\":\"ListItem\",\"position\":2,\"name\":\"Legal\"}]},{\"@type\":\"WebSite\",\"@id\":\"https:\/\/onehollywoodresidences.com\/es\/#website\",\"url\":\"https:\/\/onehollywoodresidences.com\/es\/\",\"name\":\"One Hollywood Residences\",\"description\":\"One You. One Hollywood.\",\"publisher\":{\"@id\":\"https:\/\/onehollywoodresidences.com\/es\/#organization\"},\"potentialAction\":[{\"@type\":\"SearchAction\",\"target\":{\"@type\":\"EntryPoint\",\"urlTemplate\":\"https:\/\/onehollywoodresidences.com\/es\/?s={search_term_string}\"},\"query-input\":{\"@type\":\"PropertyValueSpecification\",\"valueRequired\":true,\"valueName\":\"search_term_string\"}}],\"inLanguage\":\"es\"},{\"@type\":\"Organization\",\"@id\":\"https:\/\/onehollywoodresidences.com\/es\/#organization\",\"name\":\"One Hollywood Residences\",\"url\":\"https:\/\/onehollywoodresidences.com\/es\/\",\"logo\":{\"@type\":\"ImageObject\",\"inLanguage\":\"es\",\"@id\":\"https:\/\/onehollywoodresidences.com\/es\/#\/schema\/logo\/image\/\",\"url\":\"https:\/\/onehollywoodresidences.com\/wp-content\/uploads\/2024\/05\/one-hollywood-residence-logo-2x.png\",\"contentUrl\":\"https:\/\/onehollywoodresidences.com\/wp-content\/uploads\/2024\/05\/one-hollywood-residence-logo-2x.png\",\"width\":632,\"height\":131,\"caption\":\"One Hollywood Residences\"},\"image\":{\"@id\":\"https:\/\/onehollywoodresidences.com\/es\/#\/schema\/logo\/image\/\"},\"sameAs\":[\"https:\/\/www.facebook.com\/OneHollywoodResidences\/\",\"https:\/\/www.instagram.com\/onehollywoodresidences\/\"]}]}<\/script>\n<!-- \/ Yoast SEO Premium plugin. -->","yoast_head_json":{"title":"Legal - One Hollywood Residences","robots":{"index":"index","follow":"follow","max-snippet":"max-snippet:-1","max-image-preview":"max-image-preview:large","max-video-preview":"max-video-preview:-1"},"canonical":"https:\/\/onehollywoodresidences.com\/es\/legal\/","og_locale":"es_ES","og_type":"article","og_title":"Legal","og_url":"https:\/\/onehollywoodresidences.com\/es\/legal\/","og_site_name":"One Hollywood Residences","article_publisher":"https:\/\/www.facebook.com\/OneHollywoodResidences\/","article_modified_time":"2025-07-31T20:23:08+00:00","twitter_card":"summary_large_image","twitter_misc":{"Tiempo de lectura":"6 minutos"},"schema":{"@context":"https:\/\/schema.org","@graph":[{"@type":"WebPage","@id":"https:\/\/onehollywoodresidences.com\/es\/legal\/","url":"https:\/\/onehollywoodresidences.com\/es\/legal\/","name":"Legal - One Hollywood Residences","isPartOf":{"@id":"https:\/\/onehollywoodresidences.com\/es\/#website"},"datePublished":"2024-05-01T13:24:37+00:00","dateModified":"2025-07-31T20:23:08+00:00","breadcrumb":{"@id":"https:\/\/onehollywoodresidences.com\/es\/legal\/#breadcrumb"},"inLanguage":"es","potentialAction":[{"@type":"ReadAction","target":["https:\/\/onehollywoodresidences.com\/es\/legal\/"]}]},{"@type":"BreadcrumbList","@id":"https:\/\/onehollywoodresidences.com\/es\/legal\/#breadcrumb","itemListElement":[{"@type":"ListItem","position":1,"name":"Home","item":"https:\/\/onehollywoodresidences.com\/es\/"},{"@type":"ListItem","position":2,"name":"Legal"}]},{"@type":"WebSite","@id":"https:\/\/onehollywoodresidences.com\/es\/#website","url":"https:\/\/onehollywoodresidences.com\/es\/","name":"One Hollywood Residences","description":"One You. One Hollywood.","publisher":{"@id":"https:\/\/onehollywoodresidences.com\/es\/#organization"},"potentialAction":[{"@type":"SearchAction","target":{"@type":"EntryPoint","urlTemplate":"https:\/\/onehollywoodresidences.com\/es\/?s={search_term_string}"},"query-input":{"@type":"PropertyValueSpecification","valueRequired":true,"valueName":"search_term_string"}}],"inLanguage":"es"},{"@type":"Organization","@id":"https:\/\/onehollywoodresidences.com\/es\/#organization","name":"One Hollywood Residences","url":"https:\/\/onehollywoodresidences.com\/es\/","logo":{"@type":"ImageObject","inLanguage":"es","@id":"https:\/\/onehollywoodresidences.com\/es\/#\/schema\/logo\/image\/","url":"https:\/\/onehollywoodresidences.com\/wp-content\/uploads\/2024\/05\/one-hollywood-residence-logo-2x.png","contentUrl":"https:\/\/onehollywoodresidences.com\/wp-content\/uploads\/2024\/05\/one-hollywood-residence-logo-2x.png","width":632,"height":131,"caption":"One Hollywood Residences"},"image":{"@id":"https:\/\/onehollywoodresidences.com\/es\/#\/schema\/logo\/image\/"},"sameAs":["https:\/\/www.facebook.com\/OneHollywoodResidences\/","https:\/\/www.instagram.com\/onehollywoodresidences\/"]}]}},"featured_image_src":null,"featured_image_src_square":null,"_links":{"self":[{"href":"https:\/\/onehollywoodresidences.com\/es\/wp-json\/wp\/v2\/pages\/83","targetHints":{"allow":["GET"]}}],"collection":[{"href":"https:\/\/onehollywoodresidences.com\/es\/wp-json\/wp\/v2\/pages"}],"about":[{"href":"https:\/\/onehollywoodresidences.com\/es\/wp-json\/wp\/v2\/types\/page"}],"author":[{"embeddable":true,"href":"https:\/\/onehollywoodresidences.com\/es\/wp-json\/wp\/v2\/users\/4"}],"replies":[{"embeddable":true,"href":"https:\/\/onehollywoodresidences.com\/es\/wp-json\/wp\/v2\/comments?post=83"}],"version-history":[{"count":0,"href":"https:\/\/onehollywoodresidences.com\/es\/wp-json\/wp\/v2\/pages\/83\/revisions"}],"wp:attachment":[{"href":"https:\/\/onehollywoodresidences.com\/es\/wp-json\/wp\/v2\/media?parent=83"}],"curies":[{"name":"wp","href":"https:\/\/api.w.org\/{rel}","templated":true}]}}