{"id":81,"date":"2024-05-01T09:24:57","date_gmt":"2024-05-01T13:24:57","guid":{"rendered":"https:\/\/onehollywoodresidences.com\/gracias\/"},"modified":"2025-07-31T17:09:05","modified_gmt":"2025-07-31T21:09:05","slug":"gracias","status":"publish","type":"page","link":"https:\/\/onehollywoodresidences.com\/es\/gracias\/","title":{"rendered":"Gracias"},"content":{"rendered":"<div class=\"fusion-fullwidth fullwidth-box fusion-builder-row-1 fusion-flex-container has-pattern-background has-mask-background hundred-percent-fullwidth non-hundred-percent-height-scrolling\" style=\"--awb-border-radius-top-left:0px;--awb-border-radius-top-right:0px;--awb-border-radius-bottom-right:0px;--awb-border-radius-bottom-left:0px;--awb-padding-right:30px;--awb-padding-left:30px;--awb-flex-wrap:wrap;\" ><div class=\"fusion-builder-row fusion-row fusion-flex-align-items-flex-start fusion-flex-content-wrap\" style=\"width:calc( 100% + 0px ) !important;max-width:calc( 100% + 0px ) !important;margin-left: calc(-0px \/ 2 );margin-right: calc(-0px \/ 2 );\"><div class=\"fusion-layout-column fusion_builder_column fusion-builder-column-0 fusion_builder_column_2_3 2_3 fusion-flex-column\" style=\"--awb-bg-size:cover;--awb-width-large:66.6666666667%;--awb-margin-top-large:0px;--awb-spacing-right-large:0px;--awb-margin-bottom-large:0px;--awb-spacing-left-large:0px;--awb-width-medium:100%;--awb-order-medium:0;--awb-spacing-right-medium:0px;--awb-spacing-left-medium:0px;--awb-width-small:100%;--awb-order-small:0;--awb-spacing-right-small:0px;--awb-spacing-left-small:0px;\" data-scroll-devices=\"small-visibility,medium-visibility,large-visibility\"><div class=\"fusion-column-wrapper fusion-column-has-shadow fusion-flex-justify-content-flex-start fusion-content-layout-column\"><div class=\"fusion-image-element\" style=\"--awb-caption-title-font-family:var(--h2_typography-font-family);--awb-caption-title-font-weight:var(--h2_typography-font-weight);--awb-caption-title-font-style:var(--h2_typography-font-style);--awb-caption-title-size:var(--h2_typography-font-size);--awb-caption-title-transform:var(--h2_typography-text-transform);--awb-caption-title-line-height:var(--h2_typography-line-height);--awb-caption-title-letter-spacing:var(--h2_typography-letter-spacing);\"><span class=\"fusion-imageframe imageframe-none imageframe-1 hover-type-none\"><img decoding=\"async\" width=\"2400\" height=\"1328\" title=\"Crown\" src=\"https:\/\/onehollywoodresidences.com\/wp-content\/uploads\/2025\/05\/Crown-e1749573131248.jpg\" alt class=\"img-responsive wp-image-503\"\/><\/span><\/div><\/div><\/div><div class=\"fusion-layout-column fusion_builder_column fusion-builder-column-1 fusion_builder_column_1_3 1_3 fusion-flex-column fusion-flex-align-self-center\" style=\"--awb-padding-top:60px;--awb-padding-right:60px;--awb-padding-bottom:60px;--awb-padding-left:60px;--awb-padding-right-small:30px;--awb-padding-left-small:30px;--awb-bg-size:cover;--awb-width-large:33.3333333333%;--awb-margin-top-large:0px;--awb-spacing-right-large:0px;--awb-margin-bottom-large:0px;--awb-spacing-left-large:0px;--awb-width-medium:100%;--awb-order-medium:0;--awb-spacing-right-medium:0px;--awb-spacing-left-medium:0px;--awb-width-small:100%;--awb-order-small:0;--awb-spacing-right-small:0px;--awb-spacing-left-small:0px;\" data-scroll-devices=\"small-visibility,medium-visibility,large-visibility\"><div class=\"fusion-column-wrapper fusion-column-has-shadow fusion-flex-justify-content-flex-start fusion-content-layout-column\"><div class=\"fusion-title title fusion-title-1 fusion-no-small-visibility fusion-sep-none fusion-title-text fusion-title-size-one\" style=\"--awb-text-color:var(--awb-color1);--awb-margin-bottom:40px;--awb-margin-bottom-small:40px;--awb-margin-bottom-medium:40px;--awb-font-size:44px;\"><h1 class=\"fusion-title-heading title-heading-left\" style=\"font-family:var(--awb-typography2-font-family);font-weight:var(--awb-typography2-font-weight);font-style:var(--awb-typography2-font-style);margin:0;letter-spacing:var(--awb-typography2-letter-spacing);text-transform:uppercase;font-size:1em;line-height:var(--awb-typography2-line-height);\">Gracias por tu inter\u00e9s en una de las Residencias Hollywood.<\/h1><\/div><div class=\"fusion-title title fusion-title-2 fusion-no-medium-visibility fusion-no-large-visibility fusion-sep-none fusion-title-text fusion-title-size-one\" style=\"--awb-text-color:var(--awb-color1);--awb-margin-bottom:40px;--awb-margin-bottom-small:40px;--awb-margin-bottom-medium:40px;--awb-font-size:34px;\"><h1 class=\"fusion-title-heading title-heading-left\" style=\"font-family:var(--awb-typography2-font-family);font-weight:var(--awb-typography2-font-weight);font-style:var(--awb-typography2-font-style);margin:0;letter-spacing:var(--awb-typography2-letter-spacing);text-transform:uppercase;font-size:1em;line-height:38px;\">Gracias por tu inter\u00e9s en una de las Residencias Hollywood.<\/h1><\/div><div class=\"fusion-text fusion-text-1 fusion-text-no-margin\" style=\"--awb-font-size:22px;--awb-line-height:28px;--awb-text-color:var(--awb-color1);--awb-margin-bottom:60px;\"><p>Un representante se pondr\u00e1 en contacto contigo en breve para hablar de c\u00f3mo podemos ayudarte a conseguir la casa de tus sue\u00f1os en One Hollywood Residences.<\/p> <\/div><div class=\"fusion-image-element\" style=\"text-align:right;--awb-caption-title-font-family:var(--h2_typography-font-family);--awb-caption-title-font-weight:var(--h2_typography-font-weight);--awb-caption-title-font-style:var(--h2_typography-font-style);--awb-caption-title-size:var(--h2_typography-font-size);--awb-caption-title-transform:var(--h2_typography-text-transform);--awb-caption-title-line-height:var(--h2_typography-line-height);--awb-caption-title-letter-spacing:var(--h2_typography-letter-spacing);\"><span class=\"fusion-imageframe imageframe-none imageframe-2 hover-type-none\"><a class=\"fusion-no-lightbox\" href=\"https:\/\/onehollywoodresidences.com\/es\/\" target=\"_self\" aria-label=\"Go back btn\"><img decoding=\"async\" width=\"60\" height=\"46\" src=\"https:\/\/onehollywoodresidences.com\/wp-content\/uploads\/2024\/05\/Go-back-btn.png\" alt class=\"img-responsive wp-image-79\"\/><\/a><\/span><\/div><\/div><\/div><\/div><\/div>","protected":false},"excerpt":{"rendered":"","protected":false},"author":4,"featured_media":0,"parent":0,"menu_order":0,"comment_status":"closed","ping_status":"closed","template":"100-width.php","meta":{"_acf_changed":false,"footnotes":"","_links_to":"","_links_to_target":""},"class_list":["post-81","page","type-page","status-publish","hentry"],"acf":[],"yoast_head":"<!-- This site is optimized with the Yoast SEO Premium plugin v26.8 (Yoast SEO v26.8) - https:\/\/yoast.com\/product\/yoast-seo-premium-wordpress\/ -->\n<title>Gracias - One Hollywood Residences<\/title>\n<meta name=\"robots\" content=\"index, follow, max-snippet:-1, max-image-preview:large, max-video-preview:-1\" \/>\n<link rel=\"canonical\" href=\"https:\/\/onehollywoodresidences.com\/es\/gracias\/\" \/>\n<meta property=\"og:locale\" content=\"es_ES\" \/>\n<meta property=\"og:type\" content=\"article\" \/>\n<meta property=\"og:title\" content=\"Gracias\" \/>\n<meta property=\"og:url\" content=\"https:\/\/onehollywoodresidences.com\/es\/gracias\/\" \/>\n<meta property=\"og:site_name\" content=\"One Hollywood Residences\" \/>\n<meta property=\"article:publisher\" content=\"https:\/\/www.facebook.com\/OneHollywoodResidences\/\" \/>\n<meta property=\"article:modified_time\" content=\"2025-07-31T21:09:05+00:00\" \/>\n<meta name=\"twitter:card\" content=\"summary_large_image\" \/>\n<meta name=\"twitter:label1\" content=\"Tiempo de lectura\" \/>\n\t<meta name=\"twitter:data1\" content=\"2 minutos\" \/>\n<script type=\"application\/ld+json\" class=\"yoast-schema-graph\">{\"@context\":\"https:\/\/schema.org\",\"@graph\":[{\"@type\":\"WebPage\",\"@id\":\"https:\/\/onehollywoodresidences.com\/es\/gracias\/\",\"url\":\"https:\/\/onehollywoodresidences.com\/es\/gracias\/\",\"name\":\"Gracias - One Hollywood Residences\",\"isPartOf\":{\"@id\":\"https:\/\/onehollywoodresidences.com\/es\/#website\"},\"datePublished\":\"2024-05-01T13:24:57+00:00\",\"dateModified\":\"2025-07-31T21:09:05+00:00\",\"breadcrumb\":{\"@id\":\"https:\/\/onehollywoodresidences.com\/es\/gracias\/#breadcrumb\"},\"inLanguage\":\"es\",\"potentialAction\":[{\"@type\":\"ReadAction\",\"target\":[\"https:\/\/onehollywoodresidences.com\/es\/gracias\/\"]}]},{\"@type\":\"BreadcrumbList\",\"@id\":\"https:\/\/onehollywoodresidences.com\/es\/gracias\/#breadcrumb\",\"itemListElement\":[{\"@type\":\"ListItem\",\"position\":1,\"name\":\"Home\",\"item\":\"https:\/\/onehollywoodresidences.com\/es\/\"},{\"@type\":\"ListItem\",\"position\":2,\"name\":\"Gracias\"}]},{\"@type\":\"WebSite\",\"@id\":\"https:\/\/onehollywoodresidences.com\/es\/#website\",\"url\":\"https:\/\/onehollywoodresidences.com\/es\/\",\"name\":\"One Hollywood Residences\",\"description\":\"One You. One Hollywood.\",\"publisher\":{\"@id\":\"https:\/\/onehollywoodresidences.com\/es\/#organization\"},\"potentialAction\":[{\"@type\":\"SearchAction\",\"target\":{\"@type\":\"EntryPoint\",\"urlTemplate\":\"https:\/\/onehollywoodresidences.com\/es\/?s={search_term_string}\"},\"query-input\":{\"@type\":\"PropertyValueSpecification\",\"valueRequired\":true,\"valueName\":\"search_term_string\"}}],\"inLanguage\":\"es\"},{\"@type\":\"Organization\",\"@id\":\"https:\/\/onehollywoodresidences.com\/es\/#organization\",\"name\":\"One Hollywood Residences\",\"url\":\"https:\/\/onehollywoodresidences.com\/es\/\",\"logo\":{\"@type\":\"ImageObject\",\"inLanguage\":\"es\",\"@id\":\"https:\/\/onehollywoodresidences.com\/es\/#\/schema\/logo\/image\/\",\"url\":\"https:\/\/onehollywoodresidences.com\/wp-content\/uploads\/2024\/05\/one-hollywood-residence-logo-2x.png\",\"contentUrl\":\"https:\/\/onehollywoodresidences.com\/wp-content\/uploads\/2024\/05\/one-hollywood-residence-logo-2x.png\",\"width\":632,\"height\":131,\"caption\":\"One Hollywood Residences\"},\"image\":{\"@id\":\"https:\/\/onehollywoodresidences.com\/es\/#\/schema\/logo\/image\/\"},\"sameAs\":[\"https:\/\/www.facebook.com\/OneHollywoodResidences\/\",\"https:\/\/www.instagram.com\/onehollywoodresidences\/\"]}]}<\/script>\n<!-- \/ Yoast SEO Premium plugin. -->","yoast_head_json":{"title":"Gracias - One Hollywood Residences","robots":{"index":"index","follow":"follow","max-snippet":"max-snippet:-1","max-image-preview":"max-image-preview:large","max-video-preview":"max-video-preview:-1"},"canonical":"https:\/\/onehollywoodresidences.com\/es\/gracias\/","og_locale":"es_ES","og_type":"article","og_title":"Gracias","og_url":"https:\/\/onehollywoodresidences.com\/es\/gracias\/","og_site_name":"One Hollywood Residences","article_publisher":"https:\/\/www.facebook.com\/OneHollywoodResidences\/","article_modified_time":"2025-07-31T21:09:05+00:00","twitter_card":"summary_large_image","twitter_misc":{"Tiempo de lectura":"2 minutos"},"schema":{"@context":"https:\/\/schema.org","@graph":[{"@type":"WebPage","@id":"https:\/\/onehollywoodresidences.com\/es\/gracias\/","url":"https:\/\/onehollywoodresidences.com\/es\/gracias\/","name":"Gracias - One Hollywood Residences","isPartOf":{"@id":"https:\/\/onehollywoodresidences.com\/es\/#website"},"datePublished":"2024-05-01T13:24:57+00:00","dateModified":"2025-07-31T21:09:05+00:00","breadcrumb":{"@id":"https:\/\/onehollywoodresidences.com\/es\/gracias\/#breadcrumb"},"inLanguage":"es","potentialAction":[{"@type":"ReadAction","target":["https:\/\/onehollywoodresidences.com\/es\/gracias\/"]}]},{"@type":"BreadcrumbList","@id":"https:\/\/onehollywoodresidences.com\/es\/gracias\/#breadcrumb","itemListElement":[{"@type":"ListItem","position":1,"name":"Home","item":"https:\/\/onehollywoodresidences.com\/es\/"},{"@type":"ListItem","position":2,"name":"Gracias"}]},{"@type":"WebSite","@id":"https:\/\/onehollywoodresidences.com\/es\/#website","url":"https:\/\/onehollywoodresidences.com\/es\/","name":"One Hollywood Residences","description":"One You. One Hollywood.","publisher":{"@id":"https:\/\/onehollywoodresidences.com\/es\/#organization"},"potentialAction":[{"@type":"SearchAction","target":{"@type":"EntryPoint","urlTemplate":"https:\/\/onehollywoodresidences.com\/es\/?s={search_term_string}"},"query-input":{"@type":"PropertyValueSpecification","valueRequired":true,"valueName":"search_term_string"}}],"inLanguage":"es"},{"@type":"Organization","@id":"https:\/\/onehollywoodresidences.com\/es\/#organization","name":"One Hollywood Residences","url":"https:\/\/onehollywoodresidences.com\/es\/","logo":{"@type":"ImageObject","inLanguage":"es","@id":"https:\/\/onehollywoodresidences.com\/es\/#\/schema\/logo\/image\/","url":"https:\/\/onehollywoodresidences.com\/wp-content\/uploads\/2024\/05\/one-hollywood-residence-logo-2x.png","contentUrl":"https:\/\/onehollywoodresidences.com\/wp-content\/uploads\/2024\/05\/one-hollywood-residence-logo-2x.png","width":632,"height":131,"caption":"One Hollywood Residences"},"image":{"@id":"https:\/\/onehollywoodresidences.com\/es\/#\/schema\/logo\/image\/"},"sameAs":["https:\/\/www.facebook.com\/OneHollywoodResidences\/","https:\/\/www.instagram.com\/onehollywoodresidences\/"]}]}},"featured_image_src":null,"featured_image_src_square":null,"_links":{"self":[{"href":"https:\/\/onehollywoodresidences.com\/es\/wp-json\/wp\/v2\/pages\/81","targetHints":{"allow":["GET"]}}],"collection":[{"href":"https:\/\/onehollywoodresidences.com\/es\/wp-json\/wp\/v2\/pages"}],"about":[{"href":"https:\/\/onehollywoodresidences.com\/es\/wp-json\/wp\/v2\/types\/page"}],"author":[{"embeddable":true,"href":"https:\/\/onehollywoodresidences.com\/es\/wp-json\/wp\/v2\/users\/4"}],"replies":[{"embeddable":true,"href":"https:\/\/onehollywoodresidences.com\/es\/wp-json\/wp\/v2\/comments?post=81"}],"version-history":[{"count":0,"href":"https:\/\/onehollywoodresidences.com\/es\/wp-json\/wp\/v2\/pages\/81\/revisions"}],"wp:attachment":[{"href":"https:\/\/onehollywoodresidences.com\/es\/wp-json\/wp\/v2\/media?parent=81"}],"curies":[{"name":"wp","href":"https:\/\/api.w.org\/{rel}","templated":true}]}}