{"id":730,"date":"2025-07-31T16:27:20","date_gmt":"2025-07-31T20:27:20","guid":{"rendered":"https:\/\/onehollywoodresidences.com\/legal-2\/"},"modified":"2025-08-07T08:54:27","modified_gmt":"2025-08-07T12:54:27","slug":"legal-2","status":"publish","type":"page","link":"https:\/\/onehollywoodresidences.com\/es\/legal-2\/","title":{"rendered":"Legal"},"content":{"rendered":"<div class=\"fusion-fullwidth fullwidth-box fusion-builder-row-1 fusion-flex-container has-pattern-background has-mask-background nonhundred-percent-fullwidth non-hundred-percent-height-scrolling\" style=\"--awb-border-radius-top-left:0px;--awb-border-radius-top-right:0px;--awb-border-radius-bottom-right:0px;--awb-border-radius-bottom-left:0px;--awb-padding-right-small:30px;--awb-padding-left-small:30px;--awb-flex-wrap:wrap;\" ><div class=\"fusion-builder-row fusion-row fusion-flex-align-items-flex-start fusion-flex-content-wrap\" style=\"max-width:calc( 1400px + 0px );margin-left: calc(-0px \/ 2 );margin-right: calc(-0px \/ 2 );\"><div class=\"fusion-layout-column fusion_builder_column fusion-builder-column-0 fusion_builder_column_1_1 1_1 fusion-flex-column\" style=\"--awb-bg-size:cover;--awb-width-large:100%;--awb-margin-top-large:0px;--awb-spacing-right-large:0px;--awb-margin-bottom-large:0px;--awb-spacing-left-large:0px;--awb-width-medium:100%;--awb-order-medium:0;--awb-spacing-right-medium:0px;--awb-spacing-left-medium:0px;--awb-width-small:100%;--awb-order-small:0;--awb-spacing-right-small:0px;--awb-spacing-left-small:0px;\"><div class=\"fusion-column-wrapper fusion-column-has-shadow fusion-flex-justify-content-flex-start fusion-content-layout-column\"><div class=\"fusion-title title fusion-title-1 fusion-sep-none fusion-title-text fusion-title-size-one\" style=\"--awb-text-color:var(--awb-color1);--awb-margin-bottom:40px;--awb-margin-bottom-small:30px;--awb-font-size:var(--awb-custom_typography_1-font-size);\"><h1 class=\"fusion-title-heading title-heading-left\" style=\"font-family:var(--awb-custom_typography_1-font-family);font-weight:var(--awb-custom_typography_1-font-weight);font-style:var(--awb-custom_typography_1-font-style);margin:0;letter-spacing:var(--awb-custom_typography_1-letter-spacing);text-transform:var(--awb-custom_typography_1-text-transform);font-size:1em;line-height:var(--awb-custom_typography_1-line-height);\">Legal<\/h1><\/div><div class=\"fusion-title title fusion-title-2 fusion-sep-none fusion-title-text fusion-title-size-one\" style=\"--awb-text-color:var(--awb-color1);--awb-margin-bottom:20px;--awb-margin-bottom-small:30px;--awb-font-size:45px;\"><h1 class=\"fusion-title-heading title-heading-left\" style=\"font-family:var(--awb-custom_typography_1-font-family);font-weight:var(--awb-custom_typography_1-font-weight);font-style:var(--awb-custom_typography_1-font-style);margin:0;letter-spacing:var(--awb-custom_typography_1-letter-spacing);text-transform:var(--awb-custom_typography_1-text-transform);font-size:1em;line-height:50px;\">Descargo de responsabilidad<\/h1><\/div><div class=\"fusion-text fusion-text-1\" style=\"--awb-text-color:var(--awb-color1);\"><p>NO SE PUEDE CONFIAR EN LAS DECLARACIONES ORALES COMO DECLARACIONES CORRECTAS DEL PROMOTOR. PARA QUE LAS DECLARACIONES SEAN CORRECTAS, HAZ REFERENCIA A LOS DOCUMENTOS QUE, SEG\u00daN LA SECCI\u00d3N 718.503 DE LOS ESTATUTOS DE FLORIDA, DEBE FACILITAR UN PROMOTOR A UN COMPRADOR O ARRENDATARIO.<\/p> <\/div><div class=\"fusion-text fusion-text-2\" style=\"--awb-text-color:var(--awb-color1);\"><div>Este sitio web es propiedad y est\u00e1 gestionado por <strong>1817 Taylor Street Development, LLC<\/strong>, una sociedad de responsabilidad limitada de Florida (\u00abPromotor\u00bb), y se facilita \u00fanicamente con fines informativos e ilustrativos. Toda la informaci\u00f3n, representaciones, planos, precios, servicios y declaraciones son de naturaleza conceptual y est\u00e1n sujetos a cambios sin previo aviso a discreci\u00f3n exclusiva del Promotor. <\/div> <div><\/div> <div>Esto no es una oferta de venta ni una solicitud de ofertas de compra de bienes inmuebles en ninguna jurisdicci\u00f3n en la que se requiera un registro previo u otra cualificaci\u00f3n y no se haya cumplido. El proyecto est\u00e1 actualmente en fase de desarrollo y sujeto a todas las aprobaciones gubernamentales aplicables.   <strong>Nada de lo aqu\u00ed expuesto constituir\u00e1 una oferta de venta ni una solicitud de ofertas de compra de una unidad de condominio, a menos que se realice de conformidad con el Cap\u00edtulo 718 de los Estatutos de Florida (la Ley de Condominios de Florida).<\/strong><\/div> <div> <div>Todas las im\u00e1genes y representaciones son conceptualizaciones art\u00edsticas y s\u00f3lo tienen fines ilustrativos. No representan el producto final y est\u00e1n sujetas a cambios sin previo aviso. El promotor se reserva el derecho a introducir modificaciones en el dise\u00f1o, los materiales, las caracter\u00edsticas y los acabados sin previo aviso. No se garantiza que el proyecto se construya exactamente como se representa. Todas las dimensiones son aproximadas y est\u00e1n sujetas a variaciones en la construcci\u00f3n.    <\/div> <\/div> <div><\/div> <div> <div>Todos los planos son meramente ilustrativos y est\u00e1n sujetos a cambios sin previo aviso. Las dimensiones, la distribuci\u00f3n y los metros cuadrados son aproximados y pueden variar debido a la construcci\u00f3n, las condiciones del lugar y las modificaciones del dise\u00f1o. Las distribuciones de mobiliario mostradas son s\u00f3lo para uso conceptual y pueden no reflejar las configuraciones reales. 1817 Taylor Street Development, LLC se reserva el derecho a realizar cambios en los planos, caracter\u00edsticas y especificaciones sin previo aviso.   <\/div> <\/div> <div> <div>El proyecto descrito se encuentra actualmente en fase de planificaci\u00f3n o construcci\u00f3n. Ciertos elementos de dise\u00f1o, comodidades y servicios son s\u00f3lo propuestas y pueden modificarse o eliminarse por completo a discreci\u00f3n exclusiva del Promotor. El Promotor se reserva el derecho a introducir cambios en el dise\u00f1o de las unidades, las caracter\u00edsticas del edificio, los espacios de ocio y los precios sin previo aviso.  <\/div> <\/div> <div> <div><strong>Los posibles compradores deben consultar el Prospecto y los Documentos del Condominio presentados ante la Divisi\u00f3n de Condominios, Multipropiedad y Casas M\u00f3viles de Florida<\/strong> para obtener todos los detalles. Estos documentos est\u00e1n disponibles en el centro oficial de ventas y deben revisarse antes de firmar un contrato de compraventa. <\/div> <\/div> <div> <div>Igualdad de Oportunidades de Vivienda. El Promotor cumple la Ley de Vivienda Justa y todas las leyes de vivienda justa estatales y locales. No discriminamos por motivos de raza, color, religi\u00f3n, sexo, discapacidad, situaci\u00f3n familiar u origen nacional.  <\/div> <\/div> <div> <div>Para m\u00e1s informaci\u00f3n, ponte en contacto con nuestro equipo de ventas autorizado o visita nuestro centro de ventas oficial.<\/div> <\/div> <\/div><div class=\"fusion-separator fusion-full-width-sep\" style=\"align-self: center;margin-left: auto;margin-right: auto;margin-top:80px;width:100%;\"><\/div><div class=\"fusion-title title fusion-title-3 fusion-sep-none fusion-title-text fusion-title-size-one\" style=\"--awb-text-color:var(--awb-color1);--awb-margin-bottom:20px;--awb-margin-bottom-small:30px;--awb-font-size:45px;\"><h1 class=\"fusion-title-heading title-heading-left\" style=\"font-family:&quot;cormorant-garamond&quot;;font-style:normal;font-weight:400;margin:0;letter-spacing:var(--awb-custom_typography_1-letter-spacing);text-transform:var(--awb-custom_typography_1-text-transform);font-size:1em;line-height:50px;\">Pol\u00edtica de privacidad<\/h1><\/div><div class=\"fusion-text fusion-text-3\"><div><strong>Fecha de entrada en vigor:<\/strong> 06.09.2025<\/div> <div> <div>En <strong>1817 Taylor Street Development, LLC<\/strong>, tu privacidad es importante para nosotros. Esta Pol\u00edtica de Privacidad explica c\u00f3mo recogemos, utilizamos y protegemos tu informaci\u00f3n personal cuando visitas nuestro sitio web. <\/div> <\/div> <h3 style=\"color: #fff; font-size: 20px; margin-top: 20px;\"><strong>Informaci\u00f3n que recogemos<\/strong><\/h3> <div>Podemos recoger los siguientes tipos de informaci\u00f3n:<\/div> <ul> <li>Informaci\u00f3n personal que proporciones (por ejemplo, nombre, n\u00famero de tel\u00e9fono, direcci\u00f3n de correo electr\u00f3nico)<\/li> <li>Informaci\u00f3n no personal como direcci\u00f3n IP, tipo de navegador y URL de referencia<\/li> <li>Datos de uso del sitio web a trav\u00e9s de cookies y herramientas de an\u00e1lisis<\/li> <\/ul> <h3 style=\"color: #fff; font-size: 20px; margin-top: 20px;\"><strong>C\u00f3mo utilizamos tu informaci\u00f3n<\/strong><\/h3> <div>We use your information to:<\/div> <ul> <li>Proporcionarte actualizaciones y comunicaciones de marketing<\/li> <li>Mejorar el rendimiento del sitio web y la experiencia del usuario<\/li> <li>Responder a consultas o solicitudes de servicio<\/li> <\/ul> <h3 style=\"color: #fff; font-size: 20px; margin-top: 20px;\"><strong>Intercambio de informaci\u00f3n<\/strong><\/h3> <div>No vendemos ni alquilamos tus datos personales. Podemos compartir informaci\u00f3n con: <\/div> <ul> <li>Proveedores de servicios externos autorizados que nos ayudan en nuestras operaciones<\/li> <li>\u00d3rganos policiales o judiciales, si as\u00ed lo exige la ley<\/li> <\/ul> <h3 style=\"color: #fff; font-size: 20px; margin-top: 20px;\"><strong>Cookies y rastreo<\/strong><\/h3> <div> <div>Este sitio utiliza cookies y otras tecnolog\u00edas de seguimiento para mejorar la navegaci\u00f3n por el sitio, analizar el uso y ayudar en los esfuerzos de marketing. Puedes desactivar las cookies en la configuraci\u00f3n de tu navegador. <\/div> <\/div> <h3 style=\"color: #fff; font-size: 20px; margin-top: 20px;\"><strong>Tus derechos<\/strong><\/h3> <div>Puedes darte de baja de los correos electr\u00f3nicos de marketing en cualquier momento haciendo clic en \u00abdarse de baja\u00bb. Tambi\u00e9n puedes solicitar la eliminaci\u00f3n o revisi\u00f3n de tus datos personales poni\u00e9ndote en contacto con nosotros directamente. <\/div> <h3 style=\"color: #fff; font-size: 20px; margin-top: 20px;\"><strong>Seguridad<\/strong><\/h3> <div>Mantenemos protocolos de seguridad est\u00e1ndar del sector para proteger tus datos. Sin embargo, ning\u00fan sistema es 100% seguro. <\/div> <\/div><div class=\"fusion-separator fusion-full-width-sep\" style=\"align-self: center;margin-left: auto;margin-right: auto;margin-top:80px;width:100%;\"><\/div><div class=\"fusion-title title fusion-title-4 fusion-sep-none fusion-title-text fusion-title-size-one\" style=\"--awb-text-color:var(--awb-color1);--awb-margin-bottom:10px;--awb-margin-bottom-small:30px;--awb-font-size:45px;\"><h1 class=\"fusion-title-heading title-heading-left\" style=\"font-family:var(--awb-custom_typography_1-font-family);font-weight:var(--awb-custom_typography_1-font-weight);font-style:var(--awb-custom_typography_1-font-style);margin:0;letter-spacing:var(--awb-custom_typography_1-letter-spacing);text-transform:var(--awb-custom_typography_1-text-transform);font-size:1em;line-height:50px;\">Condiciones de uso<\/h1><\/div><div class=\"fusion-text fusion-text-4\"><div>Al acceder a este sitio web, aceptas regirte por estas Condiciones de uso.<\/div> <h3 style=\"color: #fff; font-size: 20px; margin-top: 20px;\"><strong>Uso del sitio web<\/strong><\/h3> <div> <div>Puedes navegar por el sitio web \u00fanicamente con fines personales y no comerciales. Se proh\u00edbe el uso no autorizado, incluyendo la extracci\u00f3n o duplicaci\u00f3n de datos. <\/div> <\/div> <h3 style=\"color: #fff; font-size: 20px; margin-top: 20px;\"><strong>Propiedad intelectual<\/strong><\/h3> <div>Todo el contenido, incluidos logotipos, im\u00e1genes, texto y gr\u00e1ficos, es propiedad de <strong>1817 Taylor Street Development, LLC<\/strong> o de sus licenciantes y est\u00e1 protegido por las leyes de derechos de autor, marcas registradas y otras leyes aplicables de EE.UU.<\/div> <h3 style=\"color: #fff; font-size: 20px; margin-top: 20px;\"><strong>Renuncia de garant\u00edas<\/strong><\/h3> <div>El sitio web se proporciona \u00abtal cual\u00bb, sin garant\u00edas de ning\u00fan tipo, expresas o impl\u00edcitas. No garantizamos la exactitud, integridad o fiabilidad de ninguna informaci\u00f3n proporcionada. <\/div> <h3 style=\"color: #fff; font-size: 20px; margin-top: 20px;\"><strong>Limitaci\u00f3n de responsabilidad<\/strong><\/h3> <div>Bajo ninguna circunstancia <strong>1817 Taylor Street Development, LLC<\/strong> ser\u00e1 responsable de ning\u00fan da\u00f1o directo o indirecto derivado de tu uso o incapacidad de usar este sitio web.<\/div> <h3 style=\"color: #fff; font-size: 20px; margin-top: 20px;\"><strong>Ley aplicable<\/strong><\/h3> <div>Estas Condiciones se rigen por las leyes del Estado de Florida. Cualquier disputa se resolver\u00e1 en un tribunal de jurisdicci\u00f3n competente ubicado en Florida. <\/div> <div><\/div> <div><\/div> <h3 style=\"color: #fff; font-size: 20px; margin-top: 20px;\"><strong>Contacta con nosotros<\/strong><\/h3> <div>Si tienes preguntas sobre este Aviso Legal, la Pol\u00edtica de Privacidad o las Condiciones de Uso, ponte en contacto con nosotros:<\/div> <div><strong>1817 Taylor Street Development, LLC<\/strong><\/div> <div><\/div> <\/div><\/div><\/div><\/div><\/div>","protected":false},"excerpt":{"rendered":"","protected":false},"author":4,"featured_media":0,"parent":0,"menu_order":0,"comment_status":"closed","ping_status":"closed","template":"100-width.php","meta":{"_acf_changed":false,"footnotes":"","_links_to":"","_links_to_target":""},"class_list":["post-730","page","type-page","status-publish","hentry"],"acf":[],"yoast_head":"<!-- This site is optimized with the Yoast SEO Premium plugin v26.8 (Yoast SEO v26.8) - https:\/\/yoast.com\/product\/yoast-seo-premium-wordpress\/ -->\n<title>Legal - One Hollywood Residences<\/title>\n<meta name=\"description\" content=\"Star Developers Group, LLC presents detailed, artistically interpreted development plans with flexibility for revisions, adhering to legal requirements and confidentiality standards.\" \/>\n<meta name=\"robots\" content=\"index, follow, max-snippet:-1, max-image-preview:large, max-video-preview:-1\" \/>\n<link rel=\"canonical\" href=\"https:\/\/onehollywoodresidences.com\/es\/legal-2\/\" \/>\n<meta property=\"og:locale\" content=\"es_ES\" \/>\n<meta property=\"og:type\" content=\"article\" \/>\n<meta property=\"og:title\" content=\"Legal\" \/>\n<meta property=\"og:description\" content=\"Star Developers Group, LLC presents detailed, artistically interpreted development plans with flexibility for revisions, adhering to legal requirements and confidentiality standards.\" \/>\n<meta property=\"og:url\" content=\"https:\/\/onehollywoodresidences.com\/es\/legal-2\/\" \/>\n<meta property=\"og:site_name\" content=\"One Hollywood Residences\" \/>\n<meta property=\"article:publisher\" content=\"https:\/\/www.facebook.com\/OneHollywoodResidences\/\" \/>\n<meta property=\"article:modified_time\" content=\"2025-08-07T12:54:27+00:00\" \/>\n<meta name=\"twitter:card\" content=\"summary_large_image\" \/>\n<meta name=\"twitter:label1\" content=\"Tiempo de lectura\" \/>\n\t<meta name=\"twitter:data1\" content=\"14 minutos\" \/>\n<script type=\"application\/ld+json\" class=\"yoast-schema-graph\">{\"@context\":\"https:\/\/schema.org\",\"@graph\":[{\"@type\":\"WebPage\",\"@id\":\"https:\/\/onehollywoodresidences.com\/es\/legal-2\/\",\"url\":\"https:\/\/onehollywoodresidences.com\/es\/legal-2\/\",\"name\":\"Legal - One Hollywood Residences\",\"isPartOf\":{\"@id\":\"https:\/\/onehollywoodresidences.com\/es\/#website\"},\"datePublished\":\"2025-07-31T20:27:20+00:00\",\"dateModified\":\"2025-08-07T12:54:27+00:00\",\"description\":\"Star Developers Group, LLC presents detailed, artistically interpreted development plans with flexibility for revisions, adhering to legal requirements and confidentiality standards.\",\"breadcrumb\":{\"@id\":\"https:\/\/onehollywoodresidences.com\/es\/legal-2\/#breadcrumb\"},\"inLanguage\":\"es\",\"potentialAction\":[{\"@type\":\"ReadAction\",\"target\":[\"https:\/\/onehollywoodresidences.com\/es\/legal-2\/\"]}]},{\"@type\":\"BreadcrumbList\",\"@id\":\"https:\/\/onehollywoodresidences.com\/es\/legal-2\/#breadcrumb\",\"itemListElement\":[{\"@type\":\"ListItem\",\"position\":1,\"name\":\"Home\",\"item\":\"https:\/\/onehollywoodresidences.com\/es\/\"},{\"@type\":\"ListItem\",\"position\":2,\"name\":\"Legal\"}]},{\"@type\":\"WebSite\",\"@id\":\"https:\/\/onehollywoodresidences.com\/es\/#website\",\"url\":\"https:\/\/onehollywoodresidences.com\/es\/\",\"name\":\"One Hollywood Residences\",\"description\":\"One You. One Hollywood.\",\"publisher\":{\"@id\":\"https:\/\/onehollywoodresidences.com\/es\/#organization\"},\"potentialAction\":[{\"@type\":\"SearchAction\",\"target\":{\"@type\":\"EntryPoint\",\"urlTemplate\":\"https:\/\/onehollywoodresidences.com\/es\/?s={search_term_string}\"},\"query-input\":{\"@type\":\"PropertyValueSpecification\",\"valueRequired\":true,\"valueName\":\"search_term_string\"}}],\"inLanguage\":\"es\"},{\"@type\":\"Organization\",\"@id\":\"https:\/\/onehollywoodresidences.com\/es\/#organization\",\"name\":\"One Hollywood Residences\",\"url\":\"https:\/\/onehollywoodresidences.com\/es\/\",\"logo\":{\"@type\":\"ImageObject\",\"inLanguage\":\"es\",\"@id\":\"https:\/\/onehollywoodresidences.com\/es\/#\/schema\/logo\/image\/\",\"url\":\"https:\/\/onehollywoodresidences.com\/wp-content\/uploads\/2024\/05\/one-hollywood-residence-logo-2x.png\",\"contentUrl\":\"https:\/\/onehollywoodresidences.com\/wp-content\/uploads\/2024\/05\/one-hollywood-residence-logo-2x.png\",\"width\":632,\"height\":131,\"caption\":\"One Hollywood Residences\"},\"image\":{\"@id\":\"https:\/\/onehollywoodresidences.com\/es\/#\/schema\/logo\/image\/\"},\"sameAs\":[\"https:\/\/www.facebook.com\/OneHollywoodResidences\/\",\"https:\/\/www.instagram.com\/onehollywoodresidences\/\"]}]}<\/script>\n<!-- \/ Yoast SEO Premium plugin. -->","yoast_head_json":{"title":"Legal - One Hollywood Residences","description":"Star Developers Group, LLC presents detailed, artistically interpreted development plans with flexibility for revisions, adhering to legal requirements and confidentiality standards.","robots":{"index":"index","follow":"follow","max-snippet":"max-snippet:-1","max-image-preview":"max-image-preview:large","max-video-preview":"max-video-preview:-1"},"canonical":"https:\/\/onehollywoodresidences.com\/es\/legal-2\/","og_locale":"es_ES","og_type":"article","og_title":"Legal","og_description":"Star Developers Group, LLC presents detailed, artistically interpreted development plans with flexibility for revisions, adhering to legal requirements and confidentiality standards.","og_url":"https:\/\/onehollywoodresidences.com\/es\/legal-2\/","og_site_name":"One Hollywood Residences","article_publisher":"https:\/\/www.facebook.com\/OneHollywoodResidences\/","article_modified_time":"2025-08-07T12:54:27+00:00","twitter_card":"summary_large_image","twitter_misc":{"Tiempo de lectura":"14 minutos"},"schema":{"@context":"https:\/\/schema.org","@graph":[{"@type":"WebPage","@id":"https:\/\/onehollywoodresidences.com\/es\/legal-2\/","url":"https:\/\/onehollywoodresidences.com\/es\/legal-2\/","name":"Legal - One Hollywood Residences","isPartOf":{"@id":"https:\/\/onehollywoodresidences.com\/es\/#website"},"datePublished":"2025-07-31T20:27:20+00:00","dateModified":"2025-08-07T12:54:27+00:00","description":"Star Developers Group, LLC presents detailed, artistically interpreted development plans with flexibility for revisions, adhering to legal requirements and confidentiality standards.","breadcrumb":{"@id":"https:\/\/onehollywoodresidences.com\/es\/legal-2\/#breadcrumb"},"inLanguage":"es","potentialAction":[{"@type":"ReadAction","target":["https:\/\/onehollywoodresidences.com\/es\/legal-2\/"]}]},{"@type":"BreadcrumbList","@id":"https:\/\/onehollywoodresidences.com\/es\/legal-2\/#breadcrumb","itemListElement":[{"@type":"ListItem","position":1,"name":"Home","item":"https:\/\/onehollywoodresidences.com\/es\/"},{"@type":"ListItem","position":2,"name":"Legal"}]},{"@type":"WebSite","@id":"https:\/\/onehollywoodresidences.com\/es\/#website","url":"https:\/\/onehollywoodresidences.com\/es\/","name":"One Hollywood Residences","description":"One You. One Hollywood.","publisher":{"@id":"https:\/\/onehollywoodresidences.com\/es\/#organization"},"potentialAction":[{"@type":"SearchAction","target":{"@type":"EntryPoint","urlTemplate":"https:\/\/onehollywoodresidences.com\/es\/?s={search_term_string}"},"query-input":{"@type":"PropertyValueSpecification","valueRequired":true,"valueName":"search_term_string"}}],"inLanguage":"es"},{"@type":"Organization","@id":"https:\/\/onehollywoodresidences.com\/es\/#organization","name":"One Hollywood Residences","url":"https:\/\/onehollywoodresidences.com\/es\/","logo":{"@type":"ImageObject","inLanguage":"es","@id":"https:\/\/onehollywoodresidences.com\/es\/#\/schema\/logo\/image\/","url":"https:\/\/onehollywoodresidences.com\/wp-content\/uploads\/2024\/05\/one-hollywood-residence-logo-2x.png","contentUrl":"https:\/\/onehollywoodresidences.com\/wp-content\/uploads\/2024\/05\/one-hollywood-residence-logo-2x.png","width":632,"height":131,"caption":"One Hollywood Residences"},"image":{"@id":"https:\/\/onehollywoodresidences.com\/es\/#\/schema\/logo\/image\/"},"sameAs":["https:\/\/www.facebook.com\/OneHollywoodResidences\/","https:\/\/www.instagram.com\/onehollywoodresidences\/"]}]}},"featured_image_src":null,"featured_image_src_square":null,"_links":{"self":[{"href":"https:\/\/onehollywoodresidences.com\/es\/wp-json\/wp\/v2\/pages\/730","targetHints":{"allow":["GET"]}}],"collection":[{"href":"https:\/\/onehollywoodresidences.com\/es\/wp-json\/wp\/v2\/pages"}],"about":[{"href":"https:\/\/onehollywoodresidences.com\/es\/wp-json\/wp\/v2\/types\/page"}],"author":[{"embeddable":true,"href":"https:\/\/onehollywoodresidences.com\/es\/wp-json\/wp\/v2\/users\/4"}],"replies":[{"embeddable":true,"href":"https:\/\/onehollywoodresidences.com\/es\/wp-json\/wp\/v2\/comments?post=730"}],"version-history":[{"count":0,"href":"https:\/\/onehollywoodresidences.com\/es\/wp-json\/wp\/v2\/pages\/730\/revisions"}],"wp:attachment":[{"href":"https:\/\/onehollywoodresidences.com\/es\/wp-json\/wp\/v2\/media?parent=730"}],"curies":[{"name":"wp","href":"https:\/\/api.w.org\/{rel}","templated":true}]}}